{"id":4,"date":"2019-09-21T08:12:51","date_gmt":"2019-09-21T08:12:51","guid":{"rendered":"http:\/\/serviceimmov.de\/willkommen-auf-http-serviceimmov-de"},"modified":"2021-03-02T10:39:15","modified_gmt":"2021-03-02T10:39:15","slug":"willkommen-auf-http-serviceimmov-de","status":"publish","type":"page","link":"https:\/\/www.serviceimmov.de\/","title":{"rendered":"Willkommen"},"content":{"rendered":"\n<p>&nbsp;<\/p>\n\n\n\n<p><strong>Sie suchen Produktions-, Lager-, B\u00fcro- oder Wohnfl\u00e4chen in Winterbach, Schorndorf und Umgebung?<\/strong><\/p>\n\n\n\n<p>Wir vermieten provisionsfrei Fl\u00e4chen und Gewerbeimmobilien. Unsere Immobilien befinden sich im Remstal rundum Schorndorf und Winterbach mit sehr kurzen Wegen zur B29, A81, A8 sowie dem Flughafen Stuttgart.<\/p>\n\n\n\n<p><strong>Kontaktieren Sie uns \u2013 wir unterst\u00fctzen Sie kompetent und zuverl\u00e4ssig!<\/strong><\/p>\n\n\n\n<p>Tel. : +49 (0) 7181-993344<\/p>\n\n\n\n<p><strong>Email: <\/strong><a href=\"mailto:info@immobilien-rems.de\"><strong>info@serviceimmov.de<\/strong><\/a><\/p>\n\n\n\n<p><strong>Wir sind Ihr Ansprechpartner f\u00fcr<\/strong>&nbsp;B\u00fcro, Fertigungsfl\u00e4chen\/ Produktionsfl\u00e4che, Praxisfl\u00e4che, Hallen, Logistikfl\u00e4chen, Lager, Garagen, Stellpl\u00e4tze, Ladenfl\u00e4chen, Gewerbefl\u00e4chen, Industriefl\u00e4chen, Mietfl\u00e4chen.<\/p>\n\n\n\n<p><strong>in :<\/strong>&nbsp;Winterbach, Weiler, Schorndorf, Remstal, Stuttgart, Remshalden, Waiblingen, Fellbach, Schw\u00e4bisch Gm\u00fcnd bzw. im Rems-Murr-Kreis\u2026<\/p>\n\n\n\n<div class=\"wp-block-group\"><div class=\"wp-block-group__inner-container\">\n<div class=\"wp-block-columns\">\n<div class=\"wp-block-column\" style=\"flex-basis:100%\">\n<figure class=\"wp-block-gallery columns-3 is-cropped\"><ul class=\"blocks-gallery-grid\"><li class=\"blocks-gallery-item\"><figure><img loading=\"lazy\" width=\"1024\" height=\"768\" src=\"https:\/\/www.serviceimmov.de\/wp-content\/uploads\/2019\/10\/DJI_0074_bearbeitet_small_cut-1-1024x768.jpg\" alt=\"\" data-id=\"116\" data-full-url=\"https:\/\/www.serviceimmov.de\/wp-content\/uploads\/2019\/10\/DJI_0074_bearbeitet_small_cut-1.jpg\" data-link=\"https:\/\/www.serviceimmov.de\/mietflaechen\/dji_0074_bearbeitet_small_cut-1\/\" class=\"wp-image-116\" srcset=\"https:\/\/www.serviceimmov.de\/wp-content\/uploads\/2019\/10\/DJI_0074_bearbeitet_small_cut-1-1024x768.jpg 1024w, https:\/\/www.serviceimmov.de\/wp-content\/uploads\/2019\/10\/DJI_0074_bearbeitet_small_cut-1-300x225.jpg 300w, https:\/\/www.serviceimmov.de\/wp-content\/uploads\/2019\/10\/DJI_0074_bearbeitet_small_cut-1-768x576.jpg 768w\" sizes=\"(max-width: 767px) 89vw, (max-width: 1000px) 54vw, (max-width: 1071px) 543px, 580px\" \/><\/figure><\/li><li class=\"blocks-gallery-item\"><figure><img loading=\"lazy\" width=\"1024\" height=\"767\" src=\"https:\/\/www.serviceimmov.de\/wp-content\/uploads\/2019\/10\/DJI_0060_bearbeitet_small-2-1024x767.jpg\" alt=\"\" data-id=\"115\" data-full-url=\"https:\/\/www.serviceimmov.de\/wp-content\/uploads\/2019\/10\/DJI_0060_bearbeitet_small-2.jpg\" data-link=\"https:\/\/www.serviceimmov.de\/mietflaechen\/dji_0060_bearbeitet_small-2\/\" class=\"wp-image-115\" srcset=\"https:\/\/www.serviceimmov.de\/wp-content\/uploads\/2019\/10\/DJI_0060_bearbeitet_small-2-1024x767.jpg 1024w, https:\/\/www.serviceimmov.de\/wp-content\/uploads\/2019\/10\/DJI_0060_bearbeitet_small-2-300x225.jpg 300w, https:\/\/www.serviceimmov.de\/wp-content\/uploads\/2019\/10\/DJI_0060_bearbeitet_small-2-768x576.jpg 768w\" sizes=\"(max-width: 767px) 89vw, (max-width: 1000px) 54vw, (max-width: 1071px) 543px, 580px\" \/><\/figure><\/li><li class=\"blocks-gallery-item\"><figure><img loading=\"lazy\" width=\"1024\" height=\"767\" src=\"https:\/\/www.serviceimmov.de\/wp-content\/uploads\/2019\/10\/DJI_0008_bearbeitet_small-2-1024x767.jpg\" alt=\"\" data-id=\"113\" data-full-url=\"https:\/\/www.serviceimmov.de\/wp-content\/uploads\/2019\/10\/DJI_0008_bearbeitet_small-2.jpg\" data-link=\"https:\/\/www.serviceimmov.de\/mietflaechen\/dji_0008_bearbeitet_small-2\/\" class=\"wp-image-113\" srcset=\"https:\/\/www.serviceimmov.de\/wp-content\/uploads\/2019\/10\/DJI_0008_bearbeitet_small-2-1024x767.jpg 1024w, https:\/\/www.serviceimmov.de\/wp-content\/uploads\/2019\/10\/DJI_0008_bearbeitet_small-2-300x225.jpg 300w, https:\/\/www.serviceimmov.de\/wp-content\/uploads\/2019\/10\/DJI_0008_bearbeitet_small-2-768x576.jpg 768w\" sizes=\"(max-width: 767px) 89vw, (max-width: 1000px) 54vw, (max-width: 1071px) 543px, 580px\" \/><\/figure><\/li><li class=\"blocks-gallery-item\"><figure><img loading=\"lazy\" width=\"1024\" height=\"737\" src=\"https:\/\/www.serviceimmov.de\/wp-content\/uploads\/2019\/10\/DJI_0107_bearbeitet_small-2-1024x737.jpg\" alt=\"\" data-id=\"117\" data-full-url=\"https:\/\/www.serviceimmov.de\/wp-content\/uploads\/2019\/10\/DJI_0107_bearbeitet_small-2.jpg\" data-link=\"https:\/\/www.serviceimmov.de\/mietflaechen\/dji_0107_bearbeitet_small-2\/\" class=\"wp-image-117\" srcset=\"https:\/\/www.serviceimmov.de\/wp-content\/uploads\/2019\/10\/DJI_0107_bearbeitet_small-2-1024x737.jpg 1024w, https:\/\/www.serviceimmov.de\/wp-content\/uploads\/2019\/10\/DJI_0107_bearbeitet_small-2-300x216.jpg 300w, https:\/\/www.serviceimmov.de\/wp-content\/uploads\/2019\/10\/DJI_0107_bearbeitet_small-2-768x553.jpg 768w\" sizes=\"(max-width: 767px) 89vw, (max-width: 1000px) 54vw, (max-width: 1071px) 543px, 580px\" \/><\/figure><\/li><\/ul><\/figure>\n<\/div>\n<\/div>\n<\/div><\/div>\n\n\n\n<p>&nbsp;<\/p>\n","protected":false},"excerpt":{"rendered":"<p>&nbsp; Sie suchen Produktions-, Lager-, B\u00fcro- oder Wohnfl\u00e4chen in Winterbach, Schorndorf und Umgebung? Wir vermieten provisionsfrei Fl\u00e4chen und Gewerbeimmobilien. Unsere Immobilien befinden sich im Remstal rundum Schorndorf und Winterbach mit sehr kurzen Wegen zur B29, A81, A8 sowie dem Flughafen Stuttgart. Kontaktieren Sie uns \u2013 wir unterst\u00fctzen Sie kompetent und zuverl\u00e4ssig! Tel. : +49 (0) &hellip; <\/p>\n<p class=\"link-more\"><a href=\"https:\/\/www.serviceimmov.de\/\" class=\"more-link\"><span class=\"screen-reader-text\">\u201eWillkommen\u201c<\/span> weiterlesen<\/a><\/p>\n","protected":false},"author":1,"featured_media":0,"parent":0,"menu_order":0,"comment_status":"closed","ping_status":"open","template":"","meta":[],"_links":{"self":[{"href":"https:\/\/www.serviceimmov.de\/index.php?rest_route=\/wp\/v2\/pages\/4"}],"collection":[{"href":"https:\/\/www.serviceimmov.de\/index.php?rest_route=\/wp\/v2\/pages"}],"about":[{"href":"https:\/\/www.serviceimmov.de\/index.php?rest_route=\/wp\/v2\/types\/page"}],"author":[{"embeddable":true,"href":"https:\/\/www.serviceimmov.de\/index.php?rest_route=\/wp\/v2\/users\/1"}],"replies":[{"embeddable":true,"href":"https:\/\/www.serviceimmov.de\/index.php?rest_route=%2Fwp%2Fv2%2Fcomments&post=4"}],"version-history":[{"count":7,"href":"https:\/\/www.serviceimmov.de\/index.php?rest_route=\/wp\/v2\/pages\/4\/revisions"}],"predecessor-version":[{"id":123,"href":"https:\/\/www.serviceimmov.de\/index.php?rest_route=\/wp\/v2\/pages\/4\/revisions\/123"}],"wp:attachment":[{"href":"https:\/\/www.serviceimmov.de\/index.php?rest_route=%2Fwp%2Fv2%2Fmedia&parent=4"}],"curies":[{"name":"wp","href":"https:\/\/api.w.org\/{rel}","templated":true}]}}