{"id":15,"date":"2019-09-21T08:49:25","date_gmt":"2019-09-21T08:49:25","guid":{"rendered":"http:\/\/serviceimmov.de\/?page_id=15"},"modified":"2021-02-25T08:45:07","modified_gmt":"2021-02-25T08:45:07","slug":"mietflaechen","status":"publish","type":"page","link":"https:\/\/www.serviceimmov.de\/?page_id=15","title":{"rendered":"Mietfl\u00e4chen"},"content":{"rendered":"\r\n<h2><strong><span class=\"tadv-color\" style=\"color: #cf2e2e;\">Sofort verf\u00fcgbar!<\/span><\/strong><\/h2>\r\n\r\n\r\n\r\n<h2><strong><span class=\"tadv-color\" style=\"color: #313131;\">B\u00fcro-, Praxis-, Vereins-, Freizeitfl\u00e4chen, provisionsfrei, teilbar<br \/><\/span><\/strong><\/h2>\r\n\r\n\r\n\r\n<p>inklusive Sozialr\u00e4ume<br \/>Parkpl\u00e4tze am Objekt verf\u00fcgbar<br \/>in Schorndorf und Winterbach verf\u00fcgbar<br \/>Mehr Informationen:<br \/>Insgesamt ca. 3000qm<\/p>\r\n\r\n<h2><strong><span class=\"tadv-color\" style=\"color: #cf2e2e;\">Ab 01.10.2021 verf\u00fcgbar!<\/span><\/strong><\/h2>\r\n\r\n<p>Firmensitz mit Lager-\/Produktionsfl\u00e4che, Showroom, B\u00fcro und Wohnung, provisionsfrei<\/p>\r\n<p>Gesamtobjekt mit insgesamt ca. 710 qm in Winterbach in TOP-Lage an B29 zu vermieten.<\/p>\r\n\r\n\r\n\r\n<h2><strong><span class=\"tadv-color\" style=\"color: #313131;\">Email: \u00a0<\/span><\/strong><a href=\"mailto:info@immobilien-rems.de\"><strong><span class=\"tadv-color\" style=\"color: #313131;\">info@serviceimmov.de<\/span><\/strong><\/a><\/h2>\r\n\r\n<p>&nbsp;<\/p>\r\n\r\n<h3><strong>Sie suchen:<\/strong>\u00a0B\u00fcro, Fertigungsfl\u00e4chen\/ Produktionsfl\u00e4che, Praxisfl\u00e4che, Hallen, Logistikfl\u00e4chen, Lager, Garagen, Stellpl\u00e4tze, Ladenfl\u00e4chen, Gewerbefl\u00e4chen, Industriefl\u00e4chen, Mietfl\u00e4chen.<\/h3>\r\n\r\n\r\n\r\n<h3><strong>in :<\/strong>\u00a0Winterbach, Weiler, Schorndorf, Remstal, Stuttgart, Remshalden, Waiblingen, Fellbach, Schw\u00e4bisch Gm\u00fcnd bzw. im Rems-Murr-Kreis\u2026<\/h3>\r\n\r\n\r\n\r\n<h3><br \/>Dann kontaktieren Sie uns unter:<\/h3>\r\n\r\n\r\n\r\n<h3>Tel. : +49 (0) 7181-993344<\/h3>\r\n\r\n\r\n\r\n<h3>Email: \u00a0<a href=\"mailto:info@immobilien-rems.de\">info@serviceimmov.de<\/a><\/h3>\r\n\r\n\r\n\r\n<div id='gallery-1' class='gallery galleryid-15 gallery-columns-2 gallery-size-medium'><figure class='gallery-item'>\n\t\t\t<div class='gallery-icon landscape'>\n\t\t\t\t<img width=\"300\" height=\"225\" src=\"https:\/\/www.serviceimmov.de\/wp-content\/uploads\/2019\/10\/DJI_0074_bearbeitet_small_cut-1-300x225.jpg\" class=\"attachment-medium size-medium\" alt=\"\" loading=\"lazy\" srcset=\"https:\/\/www.serviceimmov.de\/wp-content\/uploads\/2019\/10\/DJI_0074_bearbeitet_small_cut-1-300x225.jpg 300w, https:\/\/www.serviceimmov.de\/wp-content\/uploads\/2019\/10\/DJI_0074_bearbeitet_small_cut-1-768x576.jpg 768w, https:\/\/www.serviceimmov.de\/wp-content\/uploads\/2019\/10\/DJI_0074_bearbeitet_small_cut-1-1024x768.jpg 1024w\" sizes=\"100vw\" \/>\n\t\t\t<\/div><\/figure><figure class='gallery-item'>\n\t\t\t<div class='gallery-icon landscape'>\n\t\t\t\t<img width=\"300\" height=\"225\" src=\"https:\/\/www.serviceimmov.de\/wp-content\/uploads\/2019\/10\/DJI_0060_bearbeitet_small-2-300x225.jpg\" class=\"attachment-medium size-medium\" alt=\"\" loading=\"lazy\" srcset=\"https:\/\/www.serviceimmov.de\/wp-content\/uploads\/2019\/10\/DJI_0060_bearbeitet_small-2-300x225.jpg 300w, https:\/\/www.serviceimmov.de\/wp-content\/uploads\/2019\/10\/DJI_0060_bearbeitet_small-2-768x576.jpg 768w, https:\/\/www.serviceimmov.de\/wp-content\/uploads\/2019\/10\/DJI_0060_bearbeitet_small-2-1024x767.jpg 1024w\" sizes=\"100vw\" \/>\n\t\t\t<\/div><\/figure><figure class='gallery-item'>\n\t\t\t<div class='gallery-icon landscape'>\n\t\t\t\t<img width=\"300\" height=\"225\" src=\"https:\/\/www.serviceimmov.de\/wp-content\/uploads\/2019\/10\/DJI_0008_bearbeitet_small-2-300x225.jpg\" class=\"attachment-medium size-medium\" alt=\"\" loading=\"lazy\" srcset=\"https:\/\/www.serviceimmov.de\/wp-content\/uploads\/2019\/10\/DJI_0008_bearbeitet_small-2-300x225.jpg 300w, https:\/\/www.serviceimmov.de\/wp-content\/uploads\/2019\/10\/DJI_0008_bearbeitet_small-2-768x576.jpg 768w, https:\/\/www.serviceimmov.de\/wp-content\/uploads\/2019\/10\/DJI_0008_bearbeitet_small-2-1024x767.jpg 1024w\" sizes=\"100vw\" \/>\n\t\t\t<\/div><\/figure><figure class='gallery-item'>\n\t\t\t<div class='gallery-icon landscape'>\n\t\t\t\t<img width=\"300\" height=\"216\" src=\"https:\/\/www.serviceimmov.de\/wp-content\/uploads\/2019\/10\/DJI_0107_bearbeitet_small-2-300x216.jpg\" class=\"attachment-medium size-medium\" alt=\"\" loading=\"lazy\" srcset=\"https:\/\/www.serviceimmov.de\/wp-content\/uploads\/2019\/10\/DJI_0107_bearbeitet_small-2-300x216.jpg 300w, https:\/\/www.serviceimmov.de\/wp-content\/uploads\/2019\/10\/DJI_0107_bearbeitet_small-2-768x553.jpg 768w, https:\/\/www.serviceimmov.de\/wp-content\/uploads\/2019\/10\/DJI_0107_bearbeitet_small-2-1024x737.jpg 1024w\" sizes=\"100vw\" \/>\n\t\t\t<\/div><\/figure>\n\t\t<\/div>\n\r\n<p>&nbsp;<\/p>\r\n","protected":false},"excerpt":{"rendered":"<p>Sofort verf\u00fcgbar! B\u00fcro-, Praxis-, Vereins-, Freizeitfl\u00e4chen, provisionsfrei, teilbar inklusive Sozialr\u00e4umeParkpl\u00e4tze am Objekt verf\u00fcgbarin Schorndorf und Winterbach verf\u00fcgbarMehr Informationen:Insgesamt ca. 3000qm Ab 01.10.2021 verf\u00fcgbar! Firmensitz mit Lager-\/Produktionsfl\u00e4che, Showroom, B\u00fcro und Wohnung, provisionsfrei Gesamtobjekt mit insgesamt ca. 710 qm in Winterbach in TOP-Lage an B29 zu vermieten. Email: \u00a0info@serviceimmov.de &nbsp; Sie suchen:\u00a0B\u00fcro, Fertigungsfl\u00e4chen\/ Produktionsfl\u00e4che, Praxisfl\u00e4che, Hallen, Logistikfl\u00e4chen, &hellip; <\/p>\n<p class=\"link-more\"><a href=\"https:\/\/www.serviceimmov.de\/?page_id=15\" class=\"more-link\"><span class=\"screen-reader-text\">\u201eMietfl\u00e4chen\u201c<\/span> weiterlesen<\/a><\/p>\n","protected":false},"author":1,"featured_media":0,"parent":0,"menu_order":0,"comment_status":"closed","ping_status":"closed","template":"","meta":[],"_links":{"self":[{"href":"https:\/\/www.serviceimmov.de\/index.php?rest_route=\/wp\/v2\/pages\/15"}],"collection":[{"href":"https:\/\/www.serviceimmov.de\/index.php?rest_route=\/wp\/v2\/pages"}],"about":[{"href":"https:\/\/www.serviceimmov.de\/index.php?rest_route=\/wp\/v2\/types\/page"}],"author":[{"embeddable":true,"href":"https:\/\/www.serviceimmov.de\/index.php?rest_route=\/wp\/v2\/users\/1"}],"replies":[{"embeddable":true,"href":"https:\/\/www.serviceimmov.de\/index.php?rest_route=%2Fwp%2Fv2%2Fcomments&post=15"}],"version-history":[{"count":9,"href":"https:\/\/www.serviceimmov.de\/index.php?rest_route=\/wp\/v2\/pages\/15\/revisions"}],"predecessor-version":[{"id":119,"href":"https:\/\/www.serviceimmov.de\/index.php?rest_route=\/wp\/v2\/pages\/15\/revisions\/119"}],"wp:attachment":[{"href":"https:\/\/www.serviceimmov.de\/index.php?rest_route=%2Fwp%2Fv2%2Fmedia&parent=15"}],"curies":[{"name":"wp","href":"https:\/\/api.w.org\/{rel}","templated":true}]}}